{"id":915,"date":"2023-10-25T07:57:04","date_gmt":"2023-10-25T07:57:04","guid":{"rendered":"https:\/\/www.mikabatta.es\/informativa-sulla-privacy\/"},"modified":"2023-12-04T14:55:02","modified_gmt":"2023-12-04T14:55:02","slug":"informativa-sulla-privacy","status":"publish","type":"page","link":"https:\/\/www.mikabatta.es\/it\/informativa-sulla-privacy\/","title":{"rendered":"Informativa sulla privacy"},"content":{"rendered":"\t\t<div data-elementor-type=\"wp-page\" data-elementor-id=\"915\" class=\"elementor elementor-915 elementor-355\" data-elementor-post-type=\"page\">\n\t\t\t\t\t\t<section class=\"elementor-section elementor-top-section elementor-element elementor-element-664229b elementor-section-boxed elementor-section-height-default elementor-section-height-default\" data-id=\"664229b\" data-element_type=\"section\" data-e-type=\"section\" data-settings=\"{&quot;background_background&quot;:&quot;classic&quot;,&quot;background_motion_fx_motion_fx_scrolling&quot;:&quot;yes&quot;,&quot;background_motion_fx_scale_effect&quot;:&quot;yes&quot;,&quot;background_motion_fx_scale_speed&quot;:{&quot;unit&quot;:&quot;px&quot;,&quot;size&quot;:7,&quot;sizes&quot;:[]},&quot;background_motion_fx_scale_direction&quot;:&quot;out-in&quot;,&quot;background_motion_fx_scale_range&quot;:{&quot;unit&quot;:&quot;%&quot;,&quot;size&quot;:&quot;&quot;,&quot;sizes&quot;:{&quot;start&quot;:20,&quot;end&quot;:80}},&quot;background_motion_fx_devices&quot;:[&quot;desktop&quot;,&quot;tablet&quot;,&quot;mobile&quot;]}\">\n\t\t\t\t\t\t\t<div class=\"elementor-background-overlay\"><\/div>\n\t\t\t\t\t\t\t<div class=\"elementor-container elementor-column-gap-default\">\n\t\t\t\t\t<div class=\"elementor-column elementor-col-100 elementor-top-column elementor-element elementor-element-a9734c1\" data-id=\"a9734c1\" data-element_type=\"column\" data-e-type=\"column\">\n\t\t\t<div class=\"elementor-widget-wrap elementor-element-populated\">\n\t\t\t\t\t\t<div class=\"elementor-element elementor-element-da5c7e2 elementor-widget elementor-widget-heading\" data-id=\"da5c7e2\" data-element_type=\"widget\" data-e-type=\"widget\" data-widget_type=\"heading.default\">\n\t\t\t\t<div class=\"elementor-widget-container\">\n\t\t\t\t\t<h1 class=\"elementor-heading-title elementor-size-default\">Informativa sulla privacy<\/h1>\t\t\t\t<\/div>\n\t\t\t\t<\/div>\n\t\t\t\t\t<\/div>\n\t\t<\/div>\n\t\t\t\t\t<\/div>\n\t\t<\/section>\n\t\t\t\t<section class=\"elementor-section elementor-top-section elementor-element elementor-element-39558b4 elementor-section-boxed elementor-section-height-default elementor-section-height-default\" data-id=\"39558b4\" data-element_type=\"section\" data-e-type=\"section\">\n\t\t\t\t\t\t<div class=\"elementor-container elementor-column-gap-default\">\n\t\t\t\t\t<div class=\"elementor-column elementor-col-100 elementor-top-column elementor-element elementor-element-39ac2c3 elementor-invisible\" data-id=\"39ac2c3\" data-element_type=\"column\" data-e-type=\"column\" data-settings=\"{&quot;animation&quot;:&quot;fadeInRight&quot;}\">\n\t\t\t<div class=\"elementor-widget-wrap elementor-element-populated\">\n\t\t\t\t\t\t<div class=\"elementor-element elementor-element-4b19424 elementor-widget elementor-widget-text-editor\" data-id=\"4b19424\" data-element_type=\"widget\" data-e-type=\"widget\" data-widget_type=\"text-editor.default\">\n\t\t\t\t<div class=\"elementor-widget-container\">\n\t\t\t\t\t\t\t\t\t<p>In conformit\u00e0 con le disposizioni del Regolamento (UE) 2016\/679 del Parlamento europeo e del Consiglio, del 27 aprile 2016, della Legge organica 3\/2018, del 5 dicembre, sulla protezione dei dati personali e la garanzia dei diritti digitali e della Legge 34\/2002, dell&#8217;11 luglio, sui servizi della societ\u00e0 dell&#8217;informazione e il commercio elettronico, vi informiamo che la titolarit\u00e0 del dominio del nostro Sito web <a href=\"http:\/\/www.mikabatta.es\/\">www.mikabatta.es<\/a> corrisponde alla professionista indipendente M\u00f3nica Battaiola Goiriz, nello sviluppo dell&#8217;attivit\u00e0 di MIKA BATTA INTERIORES SENSORIALES, di seguito &#8220;LA SOCIET\u00c0&#8221;, con indirizzo e-mail a fini di notifica <a href=\"mailto:monika@mikabatta.es\">monika@mikabatta.es<\/a> in qualit\u00e0 di Titolare del trattamento. A questo proposito, vi informiamo che:<\/p>\n<p>Il responsabile della protezione dei dati di MIKA BATTA INTERIORES SENSORIALES pu\u00f2 essere contattato al seguente indirizzo e-mail: <a href=\"mailto:monika@mikabatta.es\">monika@mikabatta.es<\/a><\/p>\n<ol>\n<li>I dati personali forniti dall&#8217;utente attraverso il sito web di propriet\u00e0 di MIKA BATTA INTERIORES SENSORIALES, (www.mikabatta.es) (di seguito, il sito web o il sito web), o attraverso l&#8217;invio di un&#8217;e-mail, saranno inseriti negli archivi di propriet\u00e0 di MIKA BATTA INTERIORES SENSORIALES debitamente registrati nel Registro Generale della Protezione dei Dati. Lo scopo di questi archivi \u00e8 la gestione degli utenti del sito web, nonch\u00e9 la gestione dei servizi offerti attraverso il sito web. Allo stesso modo, sempre che l&#8217;utente lo autorizzi, MIKA BATTA INTERIORES SENSORIALES tratter\u00e0 i dati per gestire le richieste che riceve dai clienti e per inviare loro informazioni pubblicitarie e commerciali, con mezzi diversi, sull&#8217;azienda, le sue attivit\u00e0, i suoi prodotti, i suoi servizi, le sue offerte, le sue promozioni speciali, nonch\u00e9 documentazione di varia natura e con mezzi diversi di informazioni commerciali dell&#8217;azienda, nonch\u00e9 documentazione di diversa natura e con diversi mezzi di informazioni commerciali dell&#8217;azienda, potendo effettuare valutazioni automatiche, ottenere profili e lavori di segmentazione dei propri clienti, sulla base delle informazioni in suo possesso, al fine di personalizzare il trattamento in base alle loro caratteristiche e\/o esigenze. Il trattamento dei dati per queste finalit\u00e0 sar\u00e0 mantenuto per la durata del rapporto commerciale o per gli anni necessari ad adempiere agli obblighi di legge.<\/li>\n<li>Allo stesso modo, La informiamo che nel caso in cui Lei autorizzi l&#8217;invio di comunicazioni commerciali, acconsente che i Suoi dati personali siano comunicati, se del caso, alle aziende del Gruppo MIKA BATTA INTERIORES SENSORIALES, intendendo come tali quelli raccolti in modo aggiornato sul sito web e appartenenti al settore, allo scopo di facilitare un controllo e una gestione globale degli utenti del sito web e delle richieste da essi effettuate, nonch\u00e9 per l&#8217;invio di informazioni sui loro prodotti e servizi relativi esclusivamente al settore di attivit\u00e0 di ciascuna di esse, attraverso diversi mezzi di comunicazione<\/li>\n<li>L&#8217;utente garantisce che i dati forniti sono veritieri, accurati, completi e aggiornati e sar\u00e0 l&#8217;unico responsabile di qualsiasi danno diretto o indiretto che possa essere causato in seguito al mancato rispetto di tale obbligo. L&#8217;utente \u00e8 tenuto a comunicare a MIKA BATTA INTERIORES SENSORIALES qualsiasi variazione dei propri dati personali per la corretta gestione e qualit\u00e0 del servizio e dei dati trattati, in particolare quelli relativi ai dati di contatto, quali indirizzo, nome, coordinate bancarie, indirizzo e-mail, numero di telefono, ecc. Nel caso in cui i dati forniti dall&#8217;utente appartengano a un terzo diverso dalla persona che li ha forniti, \u00e8 necessario informare il terzo degli aspetti contenuti nella presente Informativa e ottenere la sua autorizzazione a fornire i suoi dati a MIKA BATTA INTERIORES SENSORIALES per i suddetti scopi.<\/li>\n<li>L&#8217;utente dichiara di avere pi\u00f9 di 14 anni e di possedere quindi la capacit\u00e0 giuridica necessaria per acconsentire al trattamento dei propri dati personali, in conformit\u00e0 alle disposizioni della presente Informativa sulla privacy.<\/li>\n<li>Nel caso in cui vengano raccolti dati personali attraverso il modulo, sar\u00e0 necessario che l&#8217;utente fornisca almeno quelli contrassegnati da un asterisco, poich\u00e9, in mancanza di questi dati ritenuti necessari, Mika Batta Interiores Sensoriales non potr\u00e0 accettare e gestire il servizio web o la consultazione formulata.<\/li>\n<li>Si informa che nella raccolta e nel trattamento dei dati personali sono state adottate adeguate misure di sicurezza per impedirne la perdita, l&#8217;accesso non autorizzato o la manipolazione, in conformit\u00e0 alle disposizioni del Regolamento (UE) 2016\/679 del Parlamento europeo e del Consiglio del 27 aprile 2016.<\/li>\n<li>MIKA BATTA INTERIORES SENSORIALES utilizza i cookie sul suddetto sito web, al solo scopo di ottimizzare e personalizzare la navigazione sul sito. Per ulteriori informazioni, si prega di consultare la nostra Politica sui cookie (Politica sui cookie).<\/li>\n<li>In conformit\u00e0 alle disposizioni del RGPD e della LOPD, per esercitare i diritti di accesso, rettifica, cancellazione e opposizione relativi ai vostri dati, potete scrivere al seguente indirizzo e-mail <a href=\"mailto:monika@mikabatta.es\">monika@mikabatta.es,<\/a> identificato con il riferimento &#8220;Protezione dei dati&#8221;.<\/li>\n<\/ol>\n\t\t\t\t\t\t\t\t<\/div>\n\t\t\t\t<\/div>\n\t\t\t\t\t<\/div>\n\t\t<\/div>\n\t\t\t\t\t<\/div>\n\t\t<\/section>\n\t\t\t\t<\/div>\n\t\t","protected":false},"excerpt":{"rendered":"<p>In conformit\u00e0 con le disposizioni del Regolamento (UE) 2016\/679 del Parlamento europeo e del Consiglio, del 27 aprile 2016, della Legge organica 3\/2018, del 5 dicembre, sulla protezione dei dati personali e la garanzia dei diritti digitali e della Legge 34\/2002, dell&#8217;11 luglio, sui servizi della societ\u00e0 dell&#8217;informazione e il commercio elettronico, vi informiamo che [&hellip;]<\/p>\n","protected":false},"author":1,"featured_media":0,"parent":0,"menu_order":0,"comment_status":"closed","ping_status":"closed","template":"elementor_header_footer","meta":{"inline_featured_image":false,"footnotes":""},"class_list":["post-915","page","type-page","status-publish","hentry"],"yoast_head":"<!-- This site is optimized with the Yoast SEO plugin v27.4 - https:\/\/yoast.com\/product\/yoast-seo-wordpress\/ -->\n<title>Informativa sulla privacy - Interiorismo Sensorial<\/title>\n<meta name=\"robots\" content=\"index, follow, max-snippet:-1, max-image-preview:large, max-video-preview:-1\" \/>\n<link rel=\"canonical\" href=\"https:\/\/www.mikabatta.es\/it\/informativa-sulla-privacy\/\" \/>\n<meta property=\"og:locale\" content=\"it_IT\" \/>\n<meta property=\"og:type\" content=\"article\" \/>\n<meta property=\"og:title\" content=\"Informativa sulla privacy - Interiorismo Sensorial\" \/>\n<meta property=\"og:description\" content=\"In conformit\u00e0 con le disposizioni del Regolamento (UE) 2016\/679 del Parlamento europeo e del Consiglio, del 27 aprile 2016, della Legge organica 3\/2018, del 5 dicembre, sulla protezione dei dati personali e la garanzia dei diritti digitali e della Legge 34\/2002, dell&#8217;11 luglio, sui servizi della societ\u00e0 dell&#8217;informazione e il commercio elettronico, vi informiamo che [&hellip;]\" \/>\n<meta property=\"og:url\" content=\"https:\/\/www.mikabatta.es\/it\/informativa-sulla-privacy\/\" \/>\n<meta property=\"og:site_name\" content=\"Interiorismo Sensorial\" \/>\n<meta property=\"article:modified_time\" content=\"2023-12-04T14:55:02+00:00\" \/>\n<meta name=\"twitter:card\" content=\"summary_large_image\" \/>\n<meta name=\"twitter:label1\" content=\"Tempo di lettura stimato\" \/>\n\t<meta name=\"twitter:data1\" content=\"4 minuti\" \/>\n<script type=\"application\/ld+json\" class=\"yoast-schema-graph\">{\"@context\":\"https:\\\/\\\/schema.org\",\"@graph\":[{\"@type\":\"WebPage\",\"@id\":\"https:\\\/\\\/www.mikabatta.es\\\/it\\\/informativa-sulla-privacy\\\/\",\"url\":\"https:\\\/\\\/www.mikabatta.es\\\/it\\\/informativa-sulla-privacy\\\/\",\"name\":\"Informativa sulla privacy - Interiorismo Sensorial\",\"isPartOf\":{\"@id\":\"https:\\\/\\\/www.mikabatta.es\\\/it\\\/#website\"},\"datePublished\":\"2023-10-25T07:57:04+00:00\",\"dateModified\":\"2023-12-04T14:55:02+00:00\",\"breadcrumb\":{\"@id\":\"https:\\\/\\\/www.mikabatta.es\\\/it\\\/informativa-sulla-privacy\\\/#breadcrumb\"},\"inLanguage\":\"it-IT\",\"potentialAction\":[{\"@type\":\"ReadAction\",\"target\":[\"https:\\\/\\\/www.mikabatta.es\\\/it\\\/informativa-sulla-privacy\\\/\"]}]},{\"@type\":\"BreadcrumbList\",\"@id\":\"https:\\\/\\\/www.mikabatta.es\\\/it\\\/informativa-sulla-privacy\\\/#breadcrumb\",\"itemListElement\":[{\"@type\":\"ListItem\",\"position\":1,\"name\":\"Portada\",\"item\":\"https:\\\/\\\/www.mikabatta.es\\\/it\\\/casa\\\/\"},{\"@type\":\"ListItem\",\"position\":2,\"name\":\"Informativa sulla privacy\"}]},{\"@type\":\"WebSite\",\"@id\":\"https:\\\/\\\/www.mikabatta.es\\\/it\\\/#website\",\"url\":\"https:\\\/\\\/www.mikabatta.es\\\/it\\\/\",\"name\":\"Interiorismo Sensorial\",\"description\":\"\",\"potentialAction\":[{\"@type\":\"SearchAction\",\"target\":{\"@type\":\"EntryPoint\",\"urlTemplate\":\"https:\\\/\\\/www.mikabatta.es\\\/it\\\/?s={search_term_string}\"},\"query-input\":{\"@type\":\"PropertyValueSpecification\",\"valueRequired\":true,\"valueName\":\"search_term_string\"}}],\"inLanguage\":\"it-IT\"}]}<\/script>\n<!-- \/ Yoast SEO plugin. -->","yoast_head_json":{"title":"Informativa sulla privacy - Interiorismo Sensorial","robots":{"index":"index","follow":"follow","max-snippet":"max-snippet:-1","max-image-preview":"max-image-preview:large","max-video-preview":"max-video-preview:-1"},"canonical":"https:\/\/www.mikabatta.es\/it\/informativa-sulla-privacy\/","og_locale":"it_IT","og_type":"article","og_title":"Informativa sulla privacy - Interiorismo Sensorial","og_description":"In conformit\u00e0 con le disposizioni del Regolamento (UE) 2016\/679 del Parlamento europeo e del Consiglio, del 27 aprile 2016, della Legge organica 3\/2018, del 5 dicembre, sulla protezione dei dati personali e la garanzia dei diritti digitali e della Legge 34\/2002, dell&#8217;11 luglio, sui servizi della societ\u00e0 dell&#8217;informazione e il commercio elettronico, vi informiamo che [&hellip;]","og_url":"https:\/\/www.mikabatta.es\/it\/informativa-sulla-privacy\/","og_site_name":"Interiorismo Sensorial","article_modified_time":"2023-12-04T14:55:02+00:00","twitter_card":"summary_large_image","twitter_misc":{"Tempo di lettura stimato":"4 minuti"},"schema":{"@context":"https:\/\/schema.org","@graph":[{"@type":"WebPage","@id":"https:\/\/www.mikabatta.es\/it\/informativa-sulla-privacy\/","url":"https:\/\/www.mikabatta.es\/it\/informativa-sulla-privacy\/","name":"Informativa sulla privacy - Interiorismo Sensorial","isPartOf":{"@id":"https:\/\/www.mikabatta.es\/it\/#website"},"datePublished":"2023-10-25T07:57:04+00:00","dateModified":"2023-12-04T14:55:02+00:00","breadcrumb":{"@id":"https:\/\/www.mikabatta.es\/it\/informativa-sulla-privacy\/#breadcrumb"},"inLanguage":"it-IT","potentialAction":[{"@type":"ReadAction","target":["https:\/\/www.mikabatta.es\/it\/informativa-sulla-privacy\/"]}]},{"@type":"BreadcrumbList","@id":"https:\/\/www.mikabatta.es\/it\/informativa-sulla-privacy\/#breadcrumb","itemListElement":[{"@type":"ListItem","position":1,"name":"Portada","item":"https:\/\/www.mikabatta.es\/it\/casa\/"},{"@type":"ListItem","position":2,"name":"Informativa sulla privacy"}]},{"@type":"WebSite","@id":"https:\/\/www.mikabatta.es\/it\/#website","url":"https:\/\/www.mikabatta.es\/it\/","name":"Interiorismo Sensorial","description":"","potentialAction":[{"@type":"SearchAction","target":{"@type":"EntryPoint","urlTemplate":"https:\/\/www.mikabatta.es\/it\/?s={search_term_string}"},"query-input":{"@type":"PropertyValueSpecification","valueRequired":true,"valueName":"search_term_string"}}],"inLanguage":"it-IT"}]}},"_links":{"self":[{"href":"https:\/\/www.mikabatta.es\/it\/wp-json\/wp\/v2\/pages\/915","targetHints":{"allow":["GET"]}}],"collection":[{"href":"https:\/\/www.mikabatta.es\/it\/wp-json\/wp\/v2\/pages"}],"about":[{"href":"https:\/\/www.mikabatta.es\/it\/wp-json\/wp\/v2\/types\/page"}],"author":[{"embeddable":true,"href":"https:\/\/www.mikabatta.es\/it\/wp-json\/wp\/v2\/users\/1"}],"replies":[{"embeddable":true,"href":"https:\/\/www.mikabatta.es\/it\/wp-json\/wp\/v2\/comments?post=915"}],"version-history":[{"count":3,"href":"https:\/\/www.mikabatta.es\/it\/wp-json\/wp\/v2\/pages\/915\/revisions"}],"predecessor-version":[{"id":1038,"href":"https:\/\/www.mikabatta.es\/it\/wp-json\/wp\/v2\/pages\/915\/revisions\/1038"}],"wp:attachment":[{"href":"https:\/\/www.mikabatta.es\/it\/wp-json\/wp\/v2\/media?parent=915"}],"curies":[{"name":"wp","href":"https:\/\/api.w.org\/{rel}","templated":true}]}}